{"id":10,"date":"2025-01-07T10:15:19","date_gmt":"2025-01-07T10:15:19","guid":{"rendered":"https:\/\/dagresearchgroup.bilkent.edu.tr\/?page_id=10"},"modified":"2026-04-10T20:09:58","modified_gmt":"2026-04-10T20:09:58","slug":"publications","status":"publish","type":"page","link":"https:\/\/dagresearchgroup.bilkent.edu.tr\/?page_id=10","title":{"rendered":"Publications"},"content":{"rendered":"\n<p>The cluster from 2020 to 2026 focuses on Advanced Materials for Electrocatalysis and Storage and energy conversion. (2001\u20132019) era establishes the foundational principles of Salt-Surfactant Liquid Crystals. Research on 1994-2000 focuses on the fundamentals of mesoporous silica morphogenesis and early transition metal interactions.<\/p>\n\n\n\n<ol start=\"1\" class=\"wp-block-list\">\n<li><strong>Ceran, G., Karakaya Durukan, I., &amp; Dag, \u00d6.<\/strong> (2026). &#8220;Alcohol-mediated self-assembly of mesoporous transition-metal pyrophosphates and phosphates: transformation to metal hydroxides and alkaline OER performance.&#8221; <em>Dalton Transactions<\/em>. DOI: 10.1039\/D6DT00072J. <\/li>\n\n\n\n<li><strong>Ceran, G., Karakaya Durukan, I., Ulu, I., &amp; Dag, \u00d6.<\/strong> (2026). &#8220;Scalable Solvent-Mediated Nanoarchitectonics of High-Surface-Area Mesoporous $Ni_2P_2O_7$ for Enhanced Electrochemical Performance in Alkaline Media.&#8221; <em>Inorganic Chemistry<\/em>, 65(1), 938-951. DOI: 10.1021\/acs.inorgchem.5c05373. <\/li>\n\n\n\n<li><strong>Zahid, Y., Li, Y., Dag, \u00d6., Warr, G. G., &amp; Albayrak, C.<\/strong> (2025). &#8220;Non-ionic surfactant self-assembly in calcium nitrate tetrahydrate and related salts.&#8221; <em>Soft Matter<\/em>. DOI: 10.1039\/D4SM01268B. <\/li>\n\n\n\n<li><strong>Albayrak, C., Li, Y., Dag, \u00d6., &amp; Warr, G. G.<\/strong> (2025). &#8220;From Salt-in-Water to Water-in-Salt: How Ion Identity Governs Surfactant Self-Assembly in Salt\u2013Water\u2013Nonionic Surfactant Mixtures.&#8221; <em>The Journal of Physical Chemistry Letters<\/em>, 16(40), 9123-9130. DOI: 10.1021\/acs.jpclett.5c02158. <\/li>\n\n\n\n<li><strong>Amirzhanova Kat\u0131rc\u0131, A., Karakaya Durukan, I., &amp; Dag, \u00d6.<\/strong> (2025). &#8220;Nanoarchitectonic Mesoporous $Ni_{1\u2013x}Mn_xO$ Electrodes: Charge Capacity and Oxygen Evolution Reaction Electrocatalysis in Alkaline Media.&#8221; <em>ACS Applied Energy Materials<\/em>, 8(3), 2145-2158. DOI: 10.1021\/acsaem.4c03305. <\/li>\n\n\n\n<li><strong>Karakaya Durukan, I., Ulu, I., &amp; Dag, \u00d6.<\/strong> (2024). &#8220;Manganese oxide-based mesoporous thin-film electrodes: manganese disproportionation reaction in alkaline media.&#8221; <em>Journal of Materials Chemistry A<\/em>. DOI: 10.1039\/D3TA07973B. <\/li>\n\n\n\n<li><strong>Karakaya Durukan, I., &amp; Dag, \u00d6.<\/strong> (2024). &#8220;Electronic Synergistic Effects on the Stability and Oxygen Evolution Reaction Efficiency of the Mesoporous $LiMn_{2\u2013x}M_xO_4$ ($M = Mn, Fe, Co, Ni$, and $Cu$) Electrodes.&#8221; <em>Inorganic Chemistry<\/em>, 63(46), 21456-21469. DOI: 10.1021\/acs.inorgchem.4c03885. <\/li>\n\n\n\n<li><strong>Ulu, I., Ulgut, B., &amp; Dag, \u00d6.<\/strong> (2023). &#8220;Fabrication of mesoporous nickel pyrophosphate electrodes and their transformation to nickel hydroxide with decent capacitance in alkaline media.&#8221; <em>Journal of Materials Chemistry A<\/em>, 11, 23456-23468. DOI: 10.1039\/D3TA05578G. <\/li>\n\n\n\n<li><strong>Ulu, I., Ulgut, B., &amp; Dag, \u00d6.<\/strong> (2023). &#8220;Nanoarchitectonics of Mesoporous $M_2P_2O_7$ ($M = Mn(II), Co(II)$, and $Ni(II)$) and $M_2\u2013xCo_xP_2O_7$ and Transformation to Their Metal Hydroxides with Decent Charge Capacity in Alkali Media.&#8221; <em>Inorganic Chemistry<\/em>, 62, 17143-17156. DOI: 10.1021\/acs.inorgchem.3c02808. <\/li>\n\n\n\n<li><strong>Raza, H. A., Karakaya, I., &amp; Dag, \u00d6.<\/strong> (2023). &#8220;Nanoarchitectonics of Mesoporous $CaFe_2O_4$ Thin-Film Electrodes from Salt-Surfactant Lyotropic Liquid Crystalline Mesophases and Their OER Performance.&#8221; <em>ACS Applied Energy Materials<\/em>, 6(18), 9876-9889. DOI: 10.1021\/acsaem.3c01776. <\/li>\n\n\n\n<li><strong>Y\u0131lmaz Topuzlu, E., Ulgut, B., &amp; Dag, \u00d6.<\/strong> (2023). &#8220;Lyotropic Liquid Crystalline Mesophases of Lithium Dihydrogen Phosphate and 10-Lauryl Ether Stabilized with Water or Phosphoric Acid.&#8221; <em>ChemPlusChem<\/em>, 88(1), e202200447. DOI: 10.1002\/cplu.202200447. <\/li>\n\n\n\n<li><strong>Sugih Nugraha, A., Guselnikova, O., Henzie, J., Na, J., Hossain, M. S. A., Dag, \u00d6., Rowan, A. E., &amp; Yamauchi, Y.<\/strong> (2022). &#8220;Symmetry-Breaking Plasmonic Mesoporous Gold Nanoparticles with Large Pores.&#8221; <em>Chemistry of Materials<\/em>, 34(16), 7234-7245. DOI: 10.1021\/acs.chemmater.2c01125. <\/li>\n\n\n\n<li><strong>Y\u0131lmaz Topuzlu, E., Okur, H. I., Ulgut, B., &amp; Dag, \u00d6.<\/strong> (2021). &#8220;Role of Water in the Lyotropic Liquid Crystalline Mesophase of Lithium Salts and Non-ionic Surfactants.&#8221; <em>Langmuir<\/em>, 37(49), 14321-14332. DOI: 10.1021\/acs.langmuir.1c02411. <\/li>\n\n\n\n<li><strong>Amirzhanova, A., Akmansen, N., Karakaya, I., &amp; Dag, \u00d6.<\/strong> (2021). &#8220;Mesoporous $MnCo_2O_4, NiCo_2O_4$, and $ZnCo_2O_4$ Thin-Film Electrodes as Electrocatalysts for the Oxygen Evolution Reaction in Alkaline Solutions.&#8221; <em>ACS Applied Energy Materials<\/em>, 4(3), 2769-2785. <\/li>\n\n\n\n<li><strong>Celik, \u00d6., &amp; Dag, \u00d6.<\/strong> (2015). &#8220;A new lyotropic liquid crystalline system: oligo (ethylene oxide) surfactants with $[M(H_2O)_n]X_m$ transition metal complexes.&#8221; <em>Nature Communications<\/em>, 6, 6608. <\/li>\n\n\n\n<li><strong>Dag, \u00d6., Alayo\u01e7lu, S., Tura, C., &amp; Celik, \u00d6.<\/strong> (2016). &#8220;Lyotropic liquid-crystalline phase of oligo (ethylene oxide) surfactant\/transition metal salt and the synthesis of mesostructured cadmium sulfide.&#8221; <em>Angewandte Chemie<\/em>, 128(41), 12938-12942. <\/li>\n\n\n\n<li><strong>Poyraz, A. S., &amp; Dag, \u00d6.<\/strong> (2009). &#8220;Role of organic and inorganic additives on the assembly of CTAB-P123 and the morphology of mesoporous silica particles.&#8221; <em>The Journal of Physical Chemistry C<\/em>, 113(43), 18596-18607. <\/li>\n\n\n\n<li><strong>Demir\u00f6rs, A. F., Eser, B. E., &amp; Dag, \u00d6.<\/strong> (2005). &#8220;Liquid crystalline mesophases of pluronics (L64, P65, and P123) and transition metal nitrate salts ($[M(H_2O)_6](NO_3)_2$).&#8221; <em>Langmuir<\/em>, 21(9), 4156-4162. <\/li>\n\n\n\n<li><strong>Dag, \u00d6., Alayo\u01e7lu, S., &amp; Uysal, \u0130.<\/strong> (2004). &#8220;Effects of Ions on the Liquid Crystalline Mesophase of Transition-Metal Salt: Surfactant ($C_nEO_m$).&#8221; <em>The Journal of Physical Chemistry B<\/em>, 108(24), 8439-8446. <\/li>\n\n\n\n<li><strong>Dag, \u00d6., Soten, I., Celik, \u00d6., Polarz, S., Coombs, N., &amp; Ozin, G. A.<\/strong> (2003). &#8220;Solventless Acid-Free Synthesis of Mesostructured Titania: Nanovessels for Metal Complexes and Metal Nanoclusters.&#8221; <em>Advanced Functional Materials<\/em>, 13(1), 30-36. <\/li>\n\n\n\n<li><strong>Dag, \u00d6., Samarskaya, O., Coombs, N., &amp; Ozin, G. A.<\/strong> (2003). &#8220;The synthesis of mesostructured silica films and monoliths functionalised by noble metal nanoparticles.&#8221; <em>Journal of Materials Chemistry<\/em>, 13(2), 328-334. <\/li>\n\n\n\n<li><strong>Dag, \u00d6., Samarskaya, O., Tura, C., G\u00fcnay, A., &amp; Celik, \u00d6.<\/strong> (2003). &#8220;Spectroscopic Investigation of Nitrate-Metal and Metal-Surfactant Interactions in the Solid $AgNO_3\/C_{12}EO_{10}$ and Liquid-Crystalline $[M(H_2O)_n](NO_3)_2\/C_{12}EO_{10}$ Systems.&#8221; <em>Langmuir<\/em>, 19(9), 3671-3676. <\/li>\n\n\n\n<li><strong>Khushalani, D., Dag, \u00d6., Ozin, G. A., &amp; Kuperman, A.<\/strong> (2001). &#8220;Glycometallate surfactants Part 2: non-aqueous synthesis of mesoporous titanium, zirconium and niobium oxides.&#8221; <em>Angewandte Chemie International Edition<\/em>, 40(20), 3799-3803. <\/li>\n\n\n\n<li><strong>Dag, \u00d6., Ozin, G. A., Yang, H., Reber, C., &amp; Bussi\u00e8re, G.<\/strong> (2001). &#8220;Photoluminescent silicon clusters in oriented hexagonal mesoporous silica film.&#8221; <em>Advanced Functional Materials<\/em>, 11(3), 213-217.<\/li>\n\n\n\n<li><strong>Dag, \u00d6., Ozin, G. A., &amp; Kresge, C. T.<\/strong> (1999). &#8220;Salted mesostructures: salt-liquid crystal templating of lithium triflate-oligo (ethylene oxide) surfactant-mesoporous silica nanocomposite films and monoliths.&#8221; <em>Journal of Materials Chemistry<\/em>, 9(7), 1475-1482. <\/li>\n\n\n\n<li><strong>Yang, H., Coombs, N., Dag, \u00d6., Sokolov, I., &amp; Ozin, G. A.<\/strong> (1999). &#8220;Free-standing mesoporous silica films; morphogenesis of channel and surface patterns.&#8221; <em>Advanced Materials<\/em>, 11(6), 474-480. <\/li>\n\n\n\n<li><strong>Dag, \u00d6., et al.<\/strong> (1999). &#8220;Oriented periodic mesoporous organosilica (PMO) film with organic functionality inside the channel walls.&#8221; <em>Journal of Materials Chemistry<\/em>, 9, 1491-1500. <\/li>\n\n\n\n<li><strong>Dag, \u00d6., et al.<\/strong> (1997). &#8220;Effects of surfactant\/salt ratio on the structure of oriented mesoporous silica films.&#8221; <em>Journal of Materials Chemistry<\/em>, 7(9), 1755-1761. <\/li>\n\n\n\n<li><strong>Chomski, E., Dag, \u00d6., Kuperman, A., Coombs, N., &amp; Ozin, G. A.<\/strong> (1996). &#8220;New forms of luminescent silicon: Silicon\u2013silica composite mesostructures.&#8221; <em>Chemical Vapor Deposition<\/em>, 2(1), 8-13. <\/li>\n<\/ol>\n","protected":false},"excerpt":{"rendered":"<p>The cluster from 2020 to 2026 focuses on Advanced Materials for Electrocatalysis and Storage and energy conversion. (2001\u20132019) era establishes the foundational principles of Salt-Surfactant&#8230;<\/p>\n","protected":false},"author":1,"featured_media":0,"parent":0,"menu_order":0,"comment_status":"closed","ping_status":"closed","template":"","meta":{"_blog_over_template_sidebar":"right-sidebar","_blog_over_template_blog_style":"default","_blog_over_template_grid_columns":3,"_blog_over_template_posts_per_page":9,"_blog_over_template_categories":"","_blog_over_template_orderby":"date","_blog_over_template_order":"DESC","_blog_over_template_show_pagination":"1","_blog_over_template_section_width":"boxed","footnotes":""},"class_list":["post-10","page","type-page","status-publish","hentry"],"_links":{"self":[{"href":"https:\/\/dagresearchgroup.bilkent.edu.tr\/index.php?rest_route=\/wp\/v2\/pages\/10","targetHints":{"allow":["GET"]}}],"collection":[{"href":"https:\/\/dagresearchgroup.bilkent.edu.tr\/index.php?rest_route=\/wp\/v2\/pages"}],"about":[{"href":"https:\/\/dagresearchgroup.bilkent.edu.tr\/index.php?rest_route=\/wp\/v2\/types\/page"}],"author":[{"embeddable":true,"href":"https:\/\/dagresearchgroup.bilkent.edu.tr\/index.php?rest_route=\/wp\/v2\/users\/1"}],"replies":[{"embeddable":true,"href":"https:\/\/dagresearchgroup.bilkent.edu.tr\/index.php?rest_route=%2Fwp%2Fv2%2Fcomments&post=10"}],"version-history":[{"count":3,"href":"https:\/\/dagresearchgroup.bilkent.edu.tr\/index.php?rest_route=\/wp\/v2\/pages\/10\/revisions"}],"predecessor-version":[{"id":1058,"href":"https:\/\/dagresearchgroup.bilkent.edu.tr\/index.php?rest_route=\/wp\/v2\/pages\/10\/revisions\/1058"}],"wp:attachment":[{"href":"https:\/\/dagresearchgroup.bilkent.edu.tr\/index.php?rest_route=%2Fwp%2Fv2%2Fmedia&parent=10"}],"curies":[{"name":"wp","href":"https:\/\/api.w.org\/{rel}","templated":true}]}}