{"id":46,"date":"2025-04-29T07:02:54","date_gmt":"2025-04-29T07:02:54","guid":{"rendered":"https:\/\/dagresearchgroup.bilkent.edu.tr\/?page_id=46"},"modified":"2025-04-29T07:02:54","modified_gmt":"2025-04-29T07:02:54","slug":"lyotropic-liquid-crystalline-mesophases","status":"publish","type":"page","link":"https:\/\/dagresearchgroup.bilkent.edu.tr\/?page_id=46","title":{"rendered":"Lyotropic Liquid Crystalline Mesophases"},"content":{"rendered":"\n<p>Liquid crystals can be divided into two subgroups: thermotropic and lyotropic liquid cyrstals. Lyotropic liquid crystals (LLCs) include at least two key components, a solvent and a surfactant. As the solvent helps to stabilize the surfactant molecules, the result can be defined as a \u201cmesophase\u201d, a phase that is in between solid and liquid. The liquid part comes from the physical properties, while the solid part comes from the order of the surfactant molecules.<\/p>\n\n\n\n<p>The Dag Group discovered in 2001 that the solutions containing the precursors and certain metal salts result in LLC mesophases<sup data-fn=\"def417e2-f919-4e07-aeb7-1fda310ec25a\" class=\"fn\"><a href=\"#def417e2-f919-4e07-aeb7-1fda310ec25a\" id=\"def417e2-f919-4e07-aeb7-1fda310ec25a-link\">1<\/a><\/sup>. Further studies showed that the transition metal salts in these solutions remain in the molten phase, preventing the nucleation of salt crystals from occuring in the liquid crystal phase and thus forming a stable solution<sup data-fn=\"001a016e-4255-4cf1-a0d9-f2c15f0599f5\" class=\"fn\"><a href=\"#001a016e-4255-4cf1-a0d9-f2c15f0599f5\" id=\"001a016e-4255-4cf1-a0d9-f2c15f0599f5-link\">2<\/a><\/sup>. These studies also indicate that the salts in molten phase act as a solvent and remain in the molten phase due to the confinement effect, in which the solvent molecules reside in 1-2 nm gaps between the micelles.<\/p>\n\n\n\n<p>Another valuable study in this field shows the salts with have high melting point and solubility also form LLC phases with the addition of water molecules (2-5 water molecules per salt). A depression in the melting point of the salts such as alkali salts (e.g., lithium) and alkaline earth salts (e.g, calcium and magnesium) due to the confinement effect (CE)<sup data-fn=\"3ecf6ba1-2508-45fd-8877-00be08e41eca\" class=\"fn\"><a href=\"#3ecf6ba1-2508-45fd-8877-00be08e41eca\" id=\"3ecf6ba1-2508-45fd-8877-00be08e41eca-link\">3<\/a><\/sup>. Generally, the solubility of these metal salts in surfactants are very low, but exceeding a critical micelle concentration enables the formation of LLC phases, with the salt remaining in the molten phase. This can be extended to two-surfactant systems: one being oligo (ethylene oxide) or Pluronics, and the other a charged surfactant such as SDS or CTAB. It has been observed that the LLC systems containing two surfactants form much more stable micelle assemblies.<\/p>\n\n\n<div class=\"wp-block-image\">\n<figure class=\"aligncenter size-full is-resized\"><img loading=\"lazy\" decoding=\"async\" width=\"588\" height=\"747\" src=\"https:\/\/dagresearchgroup.bilkent.edu.tr\/wp-content\/uploads\/2025\/04\/image.jpeg\" alt=\"This image has an empty alt attribute; its file name is 1.jpg\" class=\"wp-image-49\" style=\"width:398px;height:auto\" srcset=\"https:\/\/dagresearchgroup.bilkent.edu.tr\/wp-content\/uploads\/2025\/04\/image.jpeg 588w, https:\/\/dagresearchgroup.bilkent.edu.tr\/wp-content\/uploads\/2025\/04\/image-236x300.jpeg 236w\" sizes=\"auto, (max-width: 588px) 100vw, 588px\" \/><\/figure><\/div>\n\n\n<p><\/p>\n\n\n\n<p class=\"has-text-align-center\">Figure 1. a) A representative POM image of [Cd(H<sub>2<\/sub>O)<sub>4<\/sub>](NO<sub>3<\/sub>)<sub>2<\/sub>\u00a0in C<sub>12<\/sub>H<sub>25<\/sub>(CH<sub>2<\/sub>CH<sub>2<\/sub>O)<sub>10<\/sub>OH with a MX<sub>2<\/sub>\/N<sup>o<\/sup>\u00a0mole ratio of 2.0\/1 (the scale bar is 200 \u03bcm). b) A schematic representation of a hexagonal LC MX<sub>2<\/sub>\/N<sup>o<\/sup>\u00a0structure, the small circles represent [M(H<sub>2<\/sub>O)<em><sub>n<\/sub><\/em>]<sup>2+<\/sup>\u00a0and NO<sub>3<\/sub><sup>\u2212<\/sup>\u00a0ions.<\/p>\n\n\n\n<h5 class=\"wp-block-heading\">References<\/h5>\n\n\n<ol class=\"wp-block-footnotes\"><li id=\"def417e2-f919-4e07-aeb7-1fda310ec25a\">\u00d6. \u00c7elik and \u00d6. Dag, \u201cA New Lyotropic Liquid Crystalline System: Oligo(ethylene oxide) Surfactants with [M(H2O)n]Xm Transition Metal Complexes,\u201d\u00a0Angewandte Chemie International Edition, vol. 40, no. 20, pp. 3799\u20133803, Oct. 2001, doi: https:\/\/doi.org\/10.1002\/1521-3773(20011015)40:20%3C3799::aid-anie3799%3E3.0.co;2-i. <a href=\"#def417e2-f919-4e07-aeb7-1fda310ec25a-link\" aria-label=\"Jump to footnote reference 1\">\u21a9\ufe0e<\/a><\/li><li id=\"001a016e-4255-4cf1-a0d9-f2c15f0599f5\">Cemal Albayrak, Necati \u00d6zkan, and \u00d6. Dag, \u201cOrigin of Lyotropic Liquid Crystalline Mesophase Formation and Liquid Crystalline to Mesostructured Solid Transformation in the Metal Nitrate Salt\u2212Surfactant Systems,\u201d\u00a0Langmuir, vol. 27, no. 3, pp. 870\u2013873, Oct. 2010, doi: https:\/\/doi.org\/10.1021\/la1035932. <a href=\"#001a016e-4255-4cf1-a0d9-f2c15f0599f5-link\" aria-label=\"Jump to footnote reference 2\">\u21a9\ufe0e<\/a><\/li><li id=\"3ecf6ba1-2508-45fd-8877-00be08e41eca\">C. Karakaya, Y. T\u00fcrker, C. Albayrak, and \u00d6. Dag, \u201cAssembly of Molten Transition Metal Salt\u2013Surfactant in a Confined Space for the Synthesis of Mesoporous Metal Oxide-Rich Metal Oxide\u2013Silica Thin Films,\u201d\u00a0Chemistry of Materials, vol. 23, no. 12, pp. 3062\u20133071, May 2011, doi: https:\/\/doi.org\/10.1021\/cm200932k <a href=\"#3ecf6ba1-2508-45fd-8877-00be08e41eca-link\" aria-label=\"Jump to footnote reference 3\">\u21a9\ufe0e<\/a><\/li><\/ol>\n\n\n<p><\/p>\n","protected":false},"excerpt":{"rendered":"<p>Liquid crystals can be divided into two subgroups: thermotropic and lyotropic liquid cyrstals. Lyotropic liquid crystals (LLCs) include at least two key components, a solvent&#8230;<\/p>\n","protected":false},"author":1,"featured_media":0,"parent":0,"menu_order":0,"comment_status":"closed","ping_status":"closed","template":"","meta":{"_blog_over_template_sidebar":"right-sidebar","_blog_over_template_blog_style":"default","_blog_over_template_grid_columns":3,"_blog_over_template_posts_per_page":9,"_blog_over_template_categories":"","_blog_over_template_orderby":"date","_blog_over_template_order":"DESC","_blog_over_template_show_pagination":"1","_blog_over_template_section_width":"boxed","footnotes":"[{\"content\":\"\u00d6. \u00c7elik and \u00d6. Dag, \u201cA New Lyotropic Liquid Crystalline System: Oligo(ethylene oxide) Surfactants with [M(H2O)n]Xm Transition Metal Complexes,\u201d\u00a0Angewandte Chemie International Edition, vol. 40, no. 20, pp. 3799\u20133803, Oct. 2001, doi: https:\/\/doi.org\/10.1002\/1521-3773(20011015)40:20%3C3799::aid-anie3799%3E3.0.co;2-i.\",\"id\":\"def417e2-f919-4e07-aeb7-1fda310ec25a\"},{\"content\":\"Cemal Albayrak, Necati \u00d6zkan, and \u00d6. Dag, \u201cOrigin of Lyotropic Liquid Crystalline Mesophase Formation and Liquid Crystalline to Mesostructured Solid Transformation in the Metal Nitrate Salt\u2212Surfactant Systems,\u201d\u00a0Langmuir, vol. 27, no. 3, pp. 870\u2013873, Oct. 2010, doi: https:\/\/doi.org\/10.1021\/la1035932.\",\"id\":\"001a016e-4255-4cf1-a0d9-f2c15f0599f5\"},{\"content\":\"C. Karakaya, Y. T\u00fcrker, C. Albayrak, and \u00d6. Dag, \u201cAssembly of Molten Transition Metal Salt\u2013Surfactant in a Confined Space for the Synthesis of Mesoporous Metal Oxide-Rich Metal Oxide\u2013Silica Thin Films,\u201d\u00a0Chemistry of Materials, vol. 23, no. 12, pp. 3062\u20133071, May 2011, doi: https:\/\/doi.org\/10.1021\/cm200932k\",\"id\":\"3ecf6ba1-2508-45fd-8877-00be08e41eca\"}]"},"class_list":["post-46","page","type-page","status-publish","hentry"],"_links":{"self":[{"href":"https:\/\/dagresearchgroup.bilkent.edu.tr\/index.php?rest_route=\/wp\/v2\/pages\/46","targetHints":{"allow":["GET"]}}],"collection":[{"href":"https:\/\/dagresearchgroup.bilkent.edu.tr\/index.php?rest_route=\/wp\/v2\/pages"}],"about":[{"href":"https:\/\/dagresearchgroup.bilkent.edu.tr\/index.php?rest_route=\/wp\/v2\/types\/page"}],"author":[{"embeddable":true,"href":"https:\/\/dagresearchgroup.bilkent.edu.tr\/index.php?rest_route=\/wp\/v2\/users\/1"}],"replies":[{"embeddable":true,"href":"https:\/\/dagresearchgroup.bilkent.edu.tr\/index.php?rest_route=%2Fwp%2Fv2%2Fcomments&post=46"}],"version-history":[{"count":5,"href":"https:\/\/dagresearchgroup.bilkent.edu.tr\/index.php?rest_route=\/wp\/v2\/pages\/46\/revisions"}],"predecessor-version":[{"id":53,"href":"https:\/\/dagresearchgroup.bilkent.edu.tr\/index.php?rest_route=\/wp\/v2\/pages\/46\/revisions\/53"}],"wp:attachment":[{"href":"https:\/\/dagresearchgroup.bilkent.edu.tr\/index.php?rest_route=%2Fwp%2Fv2%2Fmedia&parent=46"}],"curies":[{"name":"wp","href":"https:\/\/api.w.org\/{rel}","templated":true}]}}